{"id":6360,"date":"2024-04-26T16:16:25","date_gmt":"2024-04-26T14:16:25","guid":{"rendered":"https:\/\/pdr.humboldtforum.org\/?page_id=6360"},"modified":"2025-07-18T10:48:36","modified_gmt":"2025-07-18T08:48:36","slug":"hin-und-weg-die-publikation","status":"publish","type":"page","link":"https:\/\/pdr.humboldtforum.org\/en\/hin-und-weg-die-publikation\/","title":{"rendered":"\u00bbHin und weg\u00ab \u2013 Die Publikation"},"content":{"rendered":"<section class=\"block block-headlinemargin-bottom:var(--spacing);\" >\n\t<div class=\"container-fluid\">\n\t\t<div class=\"row\">\n\t\t\t\t\t\t\t<div class=\"col-xs-12\">\n\t\t\t\t\t<div class=\"box\">\n\t\t\t\t\t\t<h2>\u00bbHin und weg\u00ab \u2013 Die Publikation | \u00bbBlown away\u00ab &#8211; The publication<\/h2>\n\t\t\t\t\t<\/div>\n\t\t\t\t<\/div>\n\t\t\t\t\t<\/div>\n\t<\/div>\n<\/section>\n\n\n\n\n<section class=\"block block-copy\">\n\t<div class=\"container-fluid\">\n\t\t<div class=\"row\">\n\t\t\t<div class=\"col-xs-11 col-md-6 margin-bottom-third\">\n\t\t\t\t<div class=\"box\">\n\t\t\t\t\t<div class=\"copy editor\"><p><strong>Hin und weg. Der Palast der Republik ist Gegenwart<\/strong><\/p>\n<p>Die Publikation positioniert den Palast der Republik als gesamtdeutsches Thema. Herzst\u00fcck sind zahlreiche Perspektiven unterschiedlicher Menschen auf den Palast und seine Geschichte, hinzu kommen vertiefende Essays, k\u00fcnstlerische Beitr\u00e4ge und atmosph\u00e4rische Fotostrecken.<\/p>\n<p>Textbeitr\u00e4ge von u.a. Victoria Helene Bergemann, Aron Boks, Gesine Danckwart, Hanno Hochmuth, Dagmar Hovest\u00e4dt, Zs\u00f3fia Kelm, Ilko-Sascha Kowalczuk, Yevheniia Moliar, Chen Shuyu, G\u00fcl\u015fah Stapel, Oliver Sukrow, Bruno Torres, Uljana Wolf sowie Kurator*innen der Stiftung Humboldt Forum im Berliner Schloss. Mit Fotoarbeiten von Tobias Kruse.<\/p>\n<p>Hardcover, 248 Seiten<br \/>\nE.A. Seemann Verlag<br \/>\n34,90 \u20ac, ab Mai 2024<br \/>\n978-3-86502-532-6<\/p>\n<p><a href=\"https:\/\/shop.humboldtforum.org\/collections\/shop\/products\/kopie-von-buch-berlin-global-de-1\">Erh\u00e4ltlich im Webshop des Humboldt Forums<\/a><\/p>\n<\/div>\n\t\t\t\t<\/div>\n\t\t\t<\/div>\n\n\t\t\t<div class=\"col-xs-11 col-xs-offset-1 col-md-5\">\n\t\t\t\t<div class=\"box\">\n\t\t\t\t\t\n\t<lazy-media-inline inline-template>\n\t\t<figure itemscope itemtype=\"http:\/\/schema.org\/ImageObject\" class=\"lazy-media-inline \" role=\"group\" id=\"media_69d0e449b1eda\">\n\t\t\t<script type=\"application\/json\" ref=\"data\">\n\t\t\t\t{\n\t\t\t\t\"sizes\" : {\"medium\":{\"file\":\"9783865025326-1-243x300.jpg\",\"width\":243,\"height\":300,\"mime-type\":\"image\\\/jpeg\",\"filesize\":19041},\"large\":{\"file\":\"9783865025326-1-831x1024.jpg\",\"width\":831,\"height\":1024,\"mime-type\":\"image\\\/jpeg\",\"filesize\":155948},\"thumbnail\":{\"file\":\"9783865025326-1-122x150.jpg\",\"width\":122,\"height\":150,\"mime-type\":\"image\\\/jpeg\",\"filesize\":6431},\"medium_large\":{\"file\":\"9783865025326-1-768x947.jpg\",\"width\":768,\"height\":947,\"mime-type\":\"image\\\/jpeg\",\"filesize\":135349},\"small\":{\"file\":\"9783865025326-1-357x440.jpg\",\"width\":357,\"height\":440,\"mime-type\":\"image\\\/jpeg\",\"filesize\":35340},\"semi\":{\"file\":\"9783865025326-1-470x580.jpg\",\"width\":470,\"height\":580,\"mime-type\":\"image\\\/jpeg\",\"filesize\":56412},\"mobile\":{\"file\":\"9783865025326-1-584x720.jpg\",\"width\":584,\"height\":720,\"mime-type\":\"image\\\/jpeg\",\"filesize\":82817},\"hd\":{\"file\":\"9783865025326-1-1038x1280.jpg\",\"width\":1038,\"height\":1280,\"mime-type\":\"image\\\/jpeg\",\"filesize\":236029},\"full\":{\"file\":\"9783865025326-1-1558x1920.jpg\",\"width\":1558,\"height\":1920,\"mime-type\":\"image\\\/jpeg\",\"filesize\":501083},\"1536x1536\":{\"file\":\"9783865025326-1-1246x1536.jpg\",\"width\":1246,\"height\":1536,\"mime-type\":\"image\\\/jpeg\",\"filesize\":331847},\"2048x2048\":{\"file\":\"9783865025326-1-1661x2048.jpg\",\"width\":1661,\"height\":2048,\"mime-type\":\"image\\\/jpeg\",\"filesize\":562715},\"original\":{\"file\":\"9783865025326-1.jpg\",\"width\":2028,\"height\":2500}},\n\t\t\t\t\"alt\" : \"Publikation zur Ausstellung \\u00bbHin und weg\\u00ab\",\n\t\t\t\t\"title\" : \"9783865025326-1\",\n\t\t\t\t\"path\" : \"\\\/wp-content\\\/uploads\\\/2024\\\/04\\\/\",\n\t\t\t\t\"video\" : null,\n\t\t\t\t\"autoplay\" : null,\n\t\t\t\t\"youtube\" : null,\n\t\t\t\t\"youtubelabel\" : \"Play video\",\n\t\t\t\t\"brightness\" : 100,\n\t\t\t\t\"crop\" : null,\n\t\t\t\t\"background\" : false,\n\t\t\t\t\"scale\" : 1\t\t\t\t}\n\t\t\t<\/script>\n\n\t\t\t<div class=\"height-container\" style=\"padding-bottom:123.2741617357%;\" v-if=\"sizes\">\n\t\t\t\t\t\t\t\t<lazy-media :inline=\"true\" :alt=\"alt\" :title=\"title\" :sizes=\"sizes\" :scale=\"scale\" :brightness=\"brightness\" :path=\"path\" :video=\"video\" :autoplay=\"autoplay\" :youtube=\"youtube\" :crop=\"crop\" :youtubelabel=\"youtubelabel\" :background=\"background\"><\/lazy-media>\n\t\t\t\t\t\t\t<\/div>\n\n\t\t\t\t\t\t\t\t<\/figure>\n\t<\/lazy-media-inline>\n\t\t\t\t<\/div>\n\t\t\t<\/div>\n\t\t<\/div>\n\t<\/div>\n<\/section>\n\n<section class=\"block block-copy\">\n\t<div class=\"container-fluid\">\n\t\t<div class=\"row\">\n\t\t\t<div class=\"col-xs-11 col-md-6 margin-bottom-third\">\n\t\t\t\t<div class=\"box\">\n\t\t\t\t\t<div class=\"copy editor\"><p><strong>Blown Away: The Palace of the Republic<\/strong><\/p>\n<p>The publication positions the Palace of the Republic as an all-German topic. At its centre are numerous perspectives from different people on the palace and its history, as well asrecent research, literary texts and atmospheric photo series.<\/p>\n<p>Texts by Victoria Helene Bergemann, Aron Boks, Gesine Danckwart, Hanno Hochmuth, Dagmar Hovest\u00e4dt, Zs\u00f3fia Kelm, Ilko-Sascha Kowalczuk, Yevheniia Moliar, Chen Shuyu, G\u00fcl\u015fah Stapel, Oliver Sukrow, Bruno Torres, Uljana Wolf, and curators from the Stiftung Humboldt Forum im Berliner Schloss, among others. With photographic works by Tobias Kruse.<\/p>\n<p>Hardcover, 248 pages<br \/>\nE.A. Seemann Verlag<br \/>\n34,90 \u20ac, from May 2024<br \/>\n978-3-86502-533-3<\/p>\n<p><a href=\"https:\/\/shop.humboldtforum.org\/collections\/shop\/products\/kopie-von-buch-berlin-global-de-1\">Available in the Humboldt Forum webshop<\/a><\/p>\n<\/div>\n\t\t\t\t<\/div>\n\t\t\t<\/div>\n\n\t\t\t<div class=\"col-xs-11 col-xs-offset-1 col-md-5\">\n\t\t\t\t<div class=\"box\">\n\t\t\t\t\t\n\t<lazy-media-inline inline-template>\n\t\t<figure itemscope itemtype=\"http:\/\/schema.org\/ImageObject\" class=\"lazy-media-inline \" role=\"group\" id=\"media_69d0e449b293b\">\n\t\t\t<script type=\"application\/json\" ref=\"data\">\n\t\t\t\t{\n\t\t\t\t\"sizes\" : {\"medium\":{\"file\":\"9783865025333-1-243x300.jpg\",\"width\":243,\"height\":300,\"mime-type\":\"image\\\/jpeg\",\"filesize\":19202},\"large\":{\"file\":\"9783865025333-1-831x1024.jpg\",\"width\":831,\"height\":1024,\"mime-type\":\"image\\\/jpeg\",\"filesize\":157667},\"thumbnail\":{\"file\":\"9783865025333-1-122x150.jpg\",\"width\":122,\"height\":150,\"mime-type\":\"image\\\/jpeg\",\"filesize\":6472},\"medium_large\":{\"file\":\"9783865025333-1-768x947.jpg\",\"width\":768,\"height\":947,\"mime-type\":\"image\\\/jpeg\",\"filesize\":136282},\"small\":{\"file\":\"9783865025333-1-357x440.jpg\",\"width\":357,\"height\":440,\"mime-type\":\"image\\\/jpeg\",\"filesize\":35256},\"semi\":{\"file\":\"9783865025333-1-470x580.jpg\",\"width\":470,\"height\":580,\"mime-type\":\"image\\\/jpeg\",\"filesize\":56976},\"mobile\":{\"file\":\"9783865025333-1-584x720.jpg\",\"width\":584,\"height\":720,\"mime-type\":\"image\\\/jpeg\",\"filesize\":82833},\"hd\":{\"file\":\"9783865025333-1-1038x1280.jpg\",\"width\":1038,\"height\":1280,\"mime-type\":\"image\\\/jpeg\",\"filesize\":238844},\"full\":{\"file\":\"9783865025333-1-1558x1920.jpg\",\"width\":1558,\"height\":1920,\"mime-type\":\"image\\\/jpeg\",\"filesize\":508087},\"1536x1536\":{\"file\":\"9783865025333-1-1246x1536.jpg\",\"width\":1246,\"height\":1536,\"mime-type\":\"image\\\/jpeg\",\"filesize\":335478},\"2048x2048\":{\"file\":\"9783865025333-1-1661x2048.jpg\",\"width\":1661,\"height\":2048,\"mime-type\":\"image\\\/jpeg\",\"filesize\":570274},\"original\":{\"file\":\"9783865025333-1.jpg\",\"width\":2028,\"height\":2500}},\n\t\t\t\t\"alt\" : \"Publikation zur Ausstellung, \\u00bbHin und weg\\u00ab\",\n\t\t\t\t\"title\" : \"9783865025333-1\",\n\t\t\t\t\"path\" : \"\\\/wp-content\\\/uploads\\\/2024\\\/04\\\/\",\n\t\t\t\t\"video\" : null,\n\t\t\t\t\"autoplay\" : null,\n\t\t\t\t\"youtube\" : null,\n\t\t\t\t\"youtubelabel\" : \"Play video\",\n\t\t\t\t\"brightness\" : 100,\n\t\t\t\t\"crop\" : null,\n\t\t\t\t\"background\" : false,\n\t\t\t\t\"scale\" : 1\t\t\t\t}\n\t\t\t<\/script>\n\n\t\t\t<div class=\"height-container\" style=\"padding-bottom:123.2741617357%;\" v-if=\"sizes\">\n\t\t\t\t\t\t\t\t<lazy-media :inline=\"true\" :alt=\"alt\" :title=\"title\" :sizes=\"sizes\" :scale=\"scale\" :brightness=\"brightness\" :path=\"path\" :video=\"video\" :autoplay=\"autoplay\" :youtube=\"youtube\" :crop=\"crop\" :youtubelabel=\"youtubelabel\" :background=\"background\"><\/lazy-media>\n\t\t\t\t\t\t\t<\/div>\n\n\t\t\t\t\t\t\t<figcaption class=\"\">\n\t\t\t\t\t<div class=\"lazy-media-info-body-content\">\n\t\t\t\t\t\t\t\t\t\t\t\t\t<div class=\"image-desc\">Publikation zur Ausstellung, \u00bbHin und weg\u00ab<\/div>\n\t\t\t\t\t\t\t\t\t\t\t\t\t\t\t\t\t\t\t\t\t\t\t<\/div>\n\t\t\t\t<\/figcaption>\n\t\t\t\t\t\t\t\t\t<\/figure>\n\t<\/lazy-media-inline>\n\t\t\t\t<\/div>\n\t\t\t<\/div>\n\t\t<\/div>\n\t<\/div>\n<\/section>","protected":false},"excerpt":{"rendered":"","protected":false},"author":58,"featured_media":6373,"parent":0,"menu_order":0,"comment_status":"closed","ping_status":"closed","template":"","meta":{"_acf_changed":false,"footnotes":""},"class_list":["post-6360","page","type-page","status-publish","has-post-thumbnail","hentry"],"acf":[],"_links":{"self":[{"href":"https:\/\/pdr.humboldtforum.org\/en\/wp-json\/wp\/v2\/pages\/6360","targetHints":{"allow":["GET"]}}],"collection":[{"href":"https:\/\/pdr.humboldtforum.org\/en\/wp-json\/wp\/v2\/pages"}],"about":[{"href":"https:\/\/pdr.humboldtforum.org\/en\/wp-json\/wp\/v2\/types\/page"}],"author":[{"embeddable":true,"href":"https:\/\/pdr.humboldtforum.org\/en\/wp-json\/wp\/v2\/users\/58"}],"replies":[{"embeddable":true,"href":"https:\/\/pdr.humboldtforum.org\/en\/wp-json\/wp\/v2\/comments?post=6360"}],"version-history":[{"count":3,"href":"https:\/\/pdr.humboldtforum.org\/en\/wp-json\/wp\/v2\/pages\/6360\/revisions"}],"predecessor-version":[{"id":9059,"href":"https:\/\/pdr.humboldtforum.org\/en\/wp-json\/wp\/v2\/pages\/6360\/revisions\/9059"}],"wp:featuredmedia":[{"embeddable":true,"href":"https:\/\/pdr.humboldtforum.org\/en\/wp-json\/wp\/v2\/media\/6373"}],"wp:attachment":[{"href":"https:\/\/pdr.humboldtforum.org\/en\/wp-json\/wp\/v2\/media?parent=6360"}],"curies":[{"name":"wp","href":"https:\/\/api.w.org\/{rel}","templated":true}]}}